{"id":660,"date":"2021-06-10T16:59:18","date_gmt":"2021-06-10T16:59:18","guid":{"rendered":"http:\/\/falbrant.es\/?post_type=product&#038;p=660"},"modified":"2021-06-10T16:59:19","modified_gmt":"2021-06-10T16:59:19","slug":"venta-de-terreno-en-la-orotava-2","status":"publish","type":"product","link":"http:\/\/falbrant.es\/index.php\/producto\/venta-de-terreno-en-la-orotava-2\/","title":{"rendered":"Venta de terreno en La Orotava"},"content":{"rendered":"<div class=\"col-sm-8 informacion-detalle-inmueble\">\n<ul class=\"list-unstyled list-inline\">\n<li>Referencia:\u00a0210520SU<\/li>\n<li>Superficie terreno:\u00a01.000 m<sup>2<\/sup><\/li>\n<li>\n<div class=\"txt-certificado\">Certificado energ\u00e9tico: Exento<\/div>\n<div class=\"enlace_certificado\">\n<div id=\"div-gpt-ad-1369819642310-1\" data-google-query-id=\"CKuozbnEjfECFVARBgAdCbIMng\">\n<div id=\"google_ads_iframe_\/1004272\/NTC_Detalle_TextLink_Certi_213x20_0__container__\"><\/div>\n<\/div>\n<\/div>\n<\/li>\n<\/ul>\n<h1>Caracter\u00edsticas del terreno<\/h1>\n<p>compra-venta de terreno en La Orotava, LA OROTAVA, parcela\/suelo urbanizable, 1.000 m<sup>2<\/sup>\u00a0de superficie<\/p>\n<h1><\/h1>\n<h1>Informaci\u00f3n de la zona<\/h1>\n<p>Cerca del centro. En zona tranquila<\/p><\/div>\n<div class=\"col-sm-4 publicidad-informacion-detalle-inmueble\">\n<div id=\"smartIntxt\"><\/div>\n<\/div>\n<div><\/div>\n<div class=\"col-sm-12 informacion-detalle-inmueble-descripcion\">\n<h1>Informaci\u00f3n adicional<\/h1>\n<p><span class=\"descripcion\">Se vende magnifico solar de 1000 m2, con fachadas a tres calles. 4 plantas a Paseo Dominguez Afonso y 3 plantas a calles San Bl\u00e1s y Cruz de La Cebolla. Entre 35 y 40 viviendas. S\u00f3tano para garaje, gran parte ya desmontado. Muy buena situaci\u00f3n y comunicaciones. El precio seg\u00fan tasaci\u00f3n de 1.169.992\u20ac<\/span><\/div>\n","protected":false},"excerpt":{"rendered":"<p>&nbsp;<\/p>\n<ul class=\"list-unstyled list-inline\">\n<li>Referencia:\u00a0210520SU<\/li>\n<li>Superficie terreno:\u00a01.000 m<sup>2<\/sup><\/li>\n<li>\n<div class=\"txt-certificado\">Certificado energ\u00e9tico: Exento<\/div>\n<\/li>\n<\/ul>\n","protected":false},"featured_media":661,"comment_status":"open","ping_status":"closed","template":"","meta":{"_et_pb_use_builder":"","_et_pb_old_content":"","_et_gb_content_width":"","_monsterinsights_skip_tracking":false,"_monsterinsights_sitenote_active":false,"_monsterinsights_sitenote_note":"","_monsterinsights_sitenote_category":0},"product_cat":[26,25,65,35,34,61],"product_tag":[38,66,47],"_links":{"self":[{"href":"http:\/\/falbrant.es\/index.php\/wp-json\/wp\/v2\/product\/660"}],"collection":[{"href":"http:\/\/falbrant.es\/index.php\/wp-json\/wp\/v2\/product"}],"about":[{"href":"http:\/\/falbrant.es\/index.php\/wp-json\/wp\/v2\/types\/product"}],"replies":[{"embeddable":true,"href":"http:\/\/falbrant.es\/index.php\/wp-json\/wp\/v2\/comments?post=660"}],"wp:featuredmedia":[{"embeddable":true,"href":"http:\/\/falbrant.es\/index.php\/wp-json\/wp\/v2\/media\/661"}],"wp:attachment":[{"href":"http:\/\/falbrant.es\/index.php\/wp-json\/wp\/v2\/media?parent=660"}],"wp:term":[{"taxonomy":"product_cat","embeddable":true,"href":"http:\/\/falbrant.es\/index.php\/wp-json\/wp\/v2\/product_cat?post=660"},{"taxonomy":"product_tag","embeddable":true,"href":"http:\/\/falbrant.es\/index.php\/wp-json\/wp\/v2\/product_tag?post=660"}],"curies":[{"name":"wp","href":"https:\/\/api.w.org\/{rel}","templated":true}]}}