{"id":560,"date":"2021-06-07T17:14:44","date_gmt":"2021-06-07T17:14:44","guid":{"rendered":"http:\/\/falbrant.es\/?post_type=product&#038;p=560"},"modified":"2025-04-13T15:27:43","modified_gmt":"2025-04-13T15:27:43","slug":"venta-de-nave-industrial-en-la-orotava-poligono-industrial-san-jeronimo","status":"publish","type":"product","link":"http:\/\/falbrant.es\/index.php\/producto\/venta-de-nave-industrial-en-la-orotava-poligono-industrial-san-jeronimo\/","title":{"rendered":"Venta de nave industrial en La Orotava, POLIGONO INDUSTRIAL SAN JERONIMO"},"content":{"rendered":"<div class=\"col-sm-8 informacion-detalle-inmueble\">\n<h1>Datos del inmueble<\/h1>\n<ul class=\"list-unstyled list-inline\">\n<li>Referencia:\u00a0210518NI<\/li>\n<li>Superficie:\u00a01400 m<sup>2<\/sup><\/li>\n<li>A estrenar<\/li>\n<li>\n<div class=\"txt-certificado\">Certificado energ\u00e9tico: En tr\u00e1mite<\/div>\n<div class=\"enlace_certificado\">\n<div id=\"div-gpt-ad-1369819642310-1\" data-google-query-id=\"CLiO9-GBhvECFauBUQodSm4Kjw\">\n<div id=\"google_ads_iframe_\/1004272\/NTC_Detalle_TextLink_Certi_213x20_0__container__\"><\/div>\n<\/div>\n<\/div>\n<\/li>\n<\/ul>\n<h1>Caracter\u00edsticas de nave industrial<\/h1>\n<p>compra-venta de nave en La Orotava, POLIGONO INDUSTRIAL SAN JERONIMO, con 1400 m<sup>2<\/sup> construidos, a estrenar.<\/p>\n<\/div>\n<div class=\"col-sm-12 informacion-detalle-inmueble-descripcion\">\n<h1>Informaci\u00f3n adicional<\/h1>\n<p><span class=\"descripcion\">Se vende Nave Industrial compuesta de s\u00f3tano y dos plantas con cubierta plana accesible. Plantas di\u00e1fanas para adaptar a diferentes usos. Posibilidad de instalaci\u00f3n de montacargas a todas las plantas seg\u00fan su uso. Precio negociable!!! Posibilidad de alquiler en 4500 Euros.\u00a0<\/span><\/p>\n<\/div>\n","protected":false},"excerpt":{"rendered":"<p>&nbsp;<\/p>\n<ul class=\"list-unstyled list-inline\">\n<li>Referencia:\u00a0210518NI<\/li>\n<li>Superficie:\u00a01400 m<sup>2<\/sup><\/li>\n<li>A estrenar<\/li>\n<li>\n<div class=\"txt-certificado\">Certificado energ\u00e9tico: En tr\u00e1mite<\/div>\n<\/li>\n<\/ul>\n","protected":false},"featured_media":561,"comment_status":"open","ping_status":"closed","template":"","meta":{"_et_pb_use_builder":"","_et_pb_old_content":"","_et_gb_content_width":"","_monsterinsights_skip_tracking":false,"_monsterinsights_sitenote_active":false,"_monsterinsights_sitenote_note":"","_monsterinsights_sitenote_category":0},"product_cat":[43,59,33,26,25,67,35,34],"product_tag":[38,68,69],"_links":{"self":[{"href":"http:\/\/falbrant.es\/index.php\/wp-json\/wp\/v2\/product\/560"}],"collection":[{"href":"http:\/\/falbrant.es\/index.php\/wp-json\/wp\/v2\/product"}],"about":[{"href":"http:\/\/falbrant.es\/index.php\/wp-json\/wp\/v2\/types\/product"}],"replies":[{"embeddable":true,"href":"http:\/\/falbrant.es\/index.php\/wp-json\/wp\/v2\/comments?post=560"}],"wp:featuredmedia":[{"embeddable":true,"href":"http:\/\/falbrant.es\/index.php\/wp-json\/wp\/v2\/media\/561"}],"wp:attachment":[{"href":"http:\/\/falbrant.es\/index.php\/wp-json\/wp\/v2\/media?parent=560"}],"wp:term":[{"taxonomy":"product_cat","embeddable":true,"href":"http:\/\/falbrant.es\/index.php\/wp-json\/wp\/v2\/product_cat?post=560"},{"taxonomy":"product_tag","embeddable":true,"href":"http:\/\/falbrant.es\/index.php\/wp-json\/wp\/v2\/product_tag?post=560"}],"curies":[{"name":"wp","href":"https:\/\/api.w.org\/{rel}","templated":true}]}}