{"id":407,"date":"2021-06-07T10:01:07","date_gmt":"2021-06-07T10:01:07","guid":{"rendered":"http:\/\/falbrant.es\/?post_type=product&#038;p=407"},"modified":"2023-03-27T11:02:51","modified_gmt":"2023-03-27T11:02:51","slug":"venta-de-hacienda-en-puerto-de-la-cruz-san-nicolas","status":"publish","type":"product","link":"http:\/\/falbrant.es\/index.php\/producto\/venta-de-hacienda-en-puerto-de-la-cruz-san-nicolas\/","title":{"rendered":"Venta de Hacienda en Puerto de la Cruz, San Nicolas"},"content":{"rendered":"<div class=\"col-sm-8 informacion-detalle-inmueble\">\n<ul class=\"list-unstyled list-inline\">\n<li>Referencia:\u00a0210525HSN<\/li>\n<li>Superficie:\u00a0718 m<sup>2<\/sup><\/li>\n<li>Superficie terreno:\u00a03.551 m<sup>2<\/sup><\/li>\n<li>3 habitaciones<\/li>\n<li>2 ba\u00f1os<\/li>\n<li>Buen estado<\/li>\n<li>\n<div class=\"txt-certificado\">Certificado energ\u00e9tico: No informado<\/div>\n<div class=\"enlace_certificado\">\n<div id=\"div-gpt-ad-1369819642310-1\" data-google-query-id=\"CJKj9umghfECFQbT1QodtXkHKg\">\n<div id=\"google_ads_iframe_\/1004272\/NTC_Detalle_TextLink_Certi_213x20_0__container__\"><\/div>\n<\/div>\n<\/div>\n<\/li>\n<\/ul>\n<h1>Caracter\u00edsticas de la casa<\/h1>\n<p>compra-venta de casa-chalet en Puerto de la Cruz, San Nicolas, con 718 m<sup>2<\/sup>\u00a0construidos, 3.551 m<sup>2<\/sup>\u00a0de parcela, 3 dormitorios, buen estado, independiente, 2 ba\u00f1o(s)<\/p>\n<\/div>\n<div><\/div>\n<div class=\"col-sm-12 informacion-detalle-inmueble-descripcion\">\n<h1><\/h1>\n<h1>Informaci\u00f3n adicional<\/h1>\n<p><span class=\"descripcion\">SE VENDE HACIENDA SAN NICOLAS. La casa es una magnifica y esplendorosa muestra de la arquitectura canaria del siglo XVII, catalogada como monumento. Se ubica en una parcela de 3. 551 m\u00b2. Forma parte de la historia del puerto de la cruz. La hacienda cuenta con una ermita con cubierta a cuatro aguas forma rectangular, portada de medio punto, la espada y el escudo p\u00e9treo de la familia Valc\u00e1rcel, una aut\u00e9ntica joya de nuestra arquitectura que se conserva en perfecto estado (san nicol\u00e1s de tolentino 68 m\u00b2), lugar id\u00f3neo para celebraciones.La parte superior del edificio, donde se encuentra la casa se divide en diversas estancias. Consta de dos plantas, con cubierta a cuatro aguas, 2 wc, 3 habitaciones en la planta superior y en la planta baja un restaurante con patio exterior y jard\u00edn.<\/span><\/p>\n<\/div>\n","protected":false},"excerpt":{"rendered":"<p>&nbsp;<\/p>\n<ul class=\"list-unstyled list-inline\">\n<li>Referencia:\u00a0210525HSN<\/li>\n<li>Superficie:\u00a0718 m<sup>2<\/sup><\/li>\n<li>Superficie terreno:\u00a03.551 m<sup>2<\/sup><\/li>\n<li>3 habitaciones<\/li>\n<li>2 ba\u00f1os<\/li>\n<li>Buen estado<\/li>\n<li>\n<div class=\"txt-certificado\">Certificado energ\u00e9tico: No informado<\/div>\n<\/li>\n<\/ul>\n","protected":false},"featured_media":408,"comment_status":"open","ping_status":"closed","template":"","meta":{"_et_pb_use_builder":"","_et_pb_old_content":"","_et_gb_content_width":"","_monsterinsights_skip_tracking":false,"_monsterinsights_sitenote_active":false,"_monsterinsights_sitenote_note":"","_monsterinsights_sitenote_category":0},"product_cat":[33,42,25,29,35,34,40],"product_tag":[44,46,45,47],"_links":{"self":[{"href":"http:\/\/falbrant.es\/index.php\/wp-json\/wp\/v2\/product\/407"}],"collection":[{"href":"http:\/\/falbrant.es\/index.php\/wp-json\/wp\/v2\/product"}],"about":[{"href":"http:\/\/falbrant.es\/index.php\/wp-json\/wp\/v2\/types\/product"}],"replies":[{"embeddable":true,"href":"http:\/\/falbrant.es\/index.php\/wp-json\/wp\/v2\/comments?post=407"}],"wp:featuredmedia":[{"embeddable":true,"href":"http:\/\/falbrant.es\/index.php\/wp-json\/wp\/v2\/media\/408"}],"wp:attachment":[{"href":"http:\/\/falbrant.es\/index.php\/wp-json\/wp\/v2\/media?parent=407"}],"wp:term":[{"taxonomy":"product_cat","embeddable":true,"href":"http:\/\/falbrant.es\/index.php\/wp-json\/wp\/v2\/product_cat?post=407"},{"taxonomy":"product_tag","embeddable":true,"href":"http:\/\/falbrant.es\/index.php\/wp-json\/wp\/v2\/product_tag?post=407"}],"curies":[{"name":"wp","href":"https:\/\/api.w.org\/{rel}","templated":true}]}}