{"id":368,"date":"2021-06-07T09:48:50","date_gmt":"2021-06-07T09:48:50","guid":{"rendered":"http:\/\/falbrant.es\/?post_type=product&#038;p=368"},"modified":"2025-12-08T17:53:37","modified_gmt":"2025-12-08T17:53:37","slug":"venta-de-casa-en-la-orotava-urbanizacion-el-drago","status":"publish","type":"product","link":"http:\/\/falbrant.es\/index.php\/producto\/venta-de-casa-en-la-orotava-urbanizacion-el-drago\/","title":{"rendered":"Venta de casa en La Orotava, Urbanizaci\u00f3n El Drago"},"content":{"rendered":"<div class=\"col-sm-8 informacion-detalle-inmueble\">\n<h1>Datos del inmueble<\/h1>\n<ul class=\"list-unstyled list-inline\">\n<li>Referencia:\u00a0210509CH<\/li>\n<li>Superficie:\u00a0267 m<sup>2<\/sup><\/li>\n<li>3 habitaciones<\/li>\n<li>3 ba\u00f1os<\/li>\n<li>1 aseo<\/li>\n<li>Buen estado<\/li>\n<li>\n<div class=\"txt-certificado\">Certificado energ\u00e9tico: En tr\u00e1mite<\/div>\n<div class=\"enlace_certificado\">\n<div id=\"div-gpt-ad-1369819642310-1\" data-google-query-id=\"CLnN1KKahfECFU4aBgAdC9YKqw\">\n<div id=\"google_ads_iframe_\/1004272\/NTC_Detalle_TextLink_Certi_213x20_0__container__\"><\/div>\n<\/div>\n<\/div>\n<\/li>\n<\/ul>\n<h1>Caracter\u00edsticas de la casa<\/h1>\n<p>compra-venta de casa-chalet en La Orotava, Urbanizaci\u00f3n El Drago, con 267 m<sup>2<\/sup>\u00a0construidos, 3 dormitorios, buen estado, independiente, 2 plaza(s) de garaje, cocina equipada, 3 ba\u00f1o(s), 1 aseo(s), 0<\/p>\n<\/div>\n<div class=\"col-sm-12 informacion-detalle-inmueble-descripcion\">\n<h1><\/h1>\n<h1>Informaci\u00f3n adicional<\/h1>\n<p><span class=\"descripcion\">Fant\u00e1stica Villa-chalet integrada en una gran parcela ajardinada, con espl\u00e9ndidas vistas, bien orientada y zona muy tranquila. Se distribuye en dos plantas: Planta de semis\u00f3tano donde se ubica un amplia garaje y rampa, zona de servicio, estar, despacho, ba\u00f1o, dormitorio de invitados, bodega, trastero y escalera de acceso a planta baja a nivel del jard\u00edn. Planta baja de vivienda, con amplio estar comedor con grandes vistas en tres fachadas, amplia cocina-comedor, 3 dormitorios(el principal con zona vestidor y ba\u00f1o), ba\u00f1o, despacho, terraza cubierta y terraza, y gran jard\u00edn en perfectas condiciones de mantenimiento con piscina. Se trata de una propiedad especial, muy bien conservada y de gran calidad, con unos jardines bell\u00edsimos y muy amplios sobre una parcela de 2000m2<\/span><\/p>\n<\/div>\n","protected":false},"excerpt":{"rendered":"<p><span class=\"txt-direccion\">Urbanizaci\u00f3n El Drago, La Orotava &#8211; 38300 &#8211; S.C. Tenerife<\/span><\/p>\n<ul class=\"list-unstyled list-inline caracteristicas-ul\">\n<li><strong>267<\/strong>\u00a0m<sup>2<\/sup><\/li>\n<li><strong>3<\/strong> habitaciones<\/li>\n<li><strong>3\u00a0<\/strong>ba\u00f1os<\/li>\n<li><strong>1\u00a0<\/strong>aseo<\/li>\n<li><strong>3.745<\/strong>\u00a0\u20ac\/m<sup>2<\/sup><\/li>\n<\/ul>\n","protected":false},"featured_media":369,"comment_status":"open","ping_status":"closed","template":"","meta":{"_et_pb_use_builder":"","_et_pb_old_content":"","_et_gb_content_width":"","_monsterinsights_skip_tracking":false,"_monsterinsights_sitenote_active":false,"_monsterinsights_sitenote_note":"","_monsterinsights_sitenote_category":0},"product_cat":[24,33,26,25,35,34,40],"product_tag":[36,28,38,41],"_links":{"self":[{"href":"http:\/\/falbrant.es\/index.php\/wp-json\/wp\/v2\/product\/368"}],"collection":[{"href":"http:\/\/falbrant.es\/index.php\/wp-json\/wp\/v2\/product"}],"about":[{"href":"http:\/\/falbrant.es\/index.php\/wp-json\/wp\/v2\/types\/product"}],"replies":[{"embeddable":true,"href":"http:\/\/falbrant.es\/index.php\/wp-json\/wp\/v2\/comments?post=368"}],"wp:featuredmedia":[{"embeddable":true,"href":"http:\/\/falbrant.es\/index.php\/wp-json\/wp\/v2\/media\/369"}],"wp:attachment":[{"href":"http:\/\/falbrant.es\/index.php\/wp-json\/wp\/v2\/media?parent=368"}],"wp:term":[{"taxonomy":"product_cat","embeddable":true,"href":"http:\/\/falbrant.es\/index.php\/wp-json\/wp\/v2\/product_cat?post=368"},{"taxonomy":"product_tag","embeddable":true,"href":"http:\/\/falbrant.es\/index.php\/wp-json\/wp\/v2\/product_tag?post=368"}],"curies":[{"name":"wp","href":"https:\/\/api.w.org\/{rel}","templated":true}]}}