{"id":3,"date":"2021-05-07T16:38:59","date_gmt":"2021-05-07T16:38:59","guid":{"rendered":"http:\/\/falbrant.es\/?page_id=3"},"modified":"2021-10-31T17:41:20","modified_gmt":"2021-10-31T17:41:20","slug":"politica-privacidad","status":"publish","type":"page","link":"http:\/\/falbrant.es\/index.php\/politica-privacidad\/","title":{"rendered":"Pol\u00edtica de Privacidad"},"content":{"rendered":"\n<h2>1. Responsable del tratamiento de datos personales<\/h2>\n\n\n\n<p>El responsable del tratamiento de sus datos personales es&nbsp;<strong>FALBRANT<\/strong>&nbsp; con domicilio en Ctra. Gral . 69-71 La Perdoma. 38315 La Orotava. Tenerife.<\/p>\n\n\n\n<h2>2. Finalidad del tratamiento de datos personales<\/h2>\n\n\n\n<p>FALBRANT, en el ejercicio de su actividad, trata datos personales, de manera automatizada y no automatizada, de sus interesados, con la finalidad de dar cumplimento a los servicios prestados.<\/p>\n\n\n\n<p>Los datos personales del interesado ser\u00e1n tratados con las siguientes finalidades:<\/p>\n\n\n\n<ul><li>Recopilaci\u00f3n de informaci\u00f3n personal de interesados y\/o usuarios de los servicios prestados por FALBRANT.<\/li><li>Gestionar y desarrollar los registros necesarios para la adecuada prestaci\u00f3n de los servicios.<\/li><li>Gestionar y enviar comunicaciones informativas o comerciales sobre productos o servicios relacionados con la actividad de la compa\u00f1\u00eda y similares a los contratados por el cliente, siempre y cuando el interesado no se oponga.<\/li><li>Por \u00faltimo, conforme a la normativa aplicable, FALBRANT podr\u00e1 tratar datos personales para dar cumplimiento a cualquier obligaci\u00f3n legal que le incumba.<\/li><\/ul>\n\n\n\n<h2>3. Plazo de conservaci\u00f3n de los datos personales<\/h2>\n\n\n\n<p>FALBRANT conservar\u00e1 los datos personales de sus clientes \u00fanicamente durante el tiempo que sea razonablemente necesario, teniendo en cuenta las necesidades de dar respuesta a las cuestiones que se planteen, y con el objetivo de dar cumplimiento a las finalidades descritas.<\/p>\n\n\n\n<p>Transcurrido dicho periodo, FALBRANT bloquear\u00e1 los datos personales de los interesados durante los plazos de prescripci\u00f3n legal, para el ejercicio o la defensa en el marco de acciones administrativas o judiciales, y solo podr\u00e1n ser desbloqueados y tratados de nuevo por este motivo. Transcurridos los plazos de prescripci\u00f3n legal, los datos personales ser\u00e1n destruidos.<\/p>\n\n\n\n<h2>4. Base legal para el tratamiento de los datos personales<\/h2>\n\n\n\n<p>FALBRANT tiene las siguientes bases leg\u00edtimas para poder tratar los datos personales:<\/p>\n\n\n\n<ul><li>Ejecuci\u00f3n de contrato\/prestaci\u00f3n de servicioLa base legal del tratamiento de los datos personales del interesado que se recogen es la ejecuci\u00f3n del servicio contratado, el cual se encuentra regulado a trav\u00e9s de un contrato o de Condiciones Generales o Particulares de contrataci\u00f3n. En este sentido, el interesado deber\u00e1 facilitar los datos que sean necesarios para su ejecuci\u00f3n. En caso de no facilitar dichos datos, no ser\u00e1 posible llevar a cabo la prestaci\u00f3n del servicio o actividad.<\/li><li>Obligaciones legalesTratamientos de datos derivados de obligaciones legales de FALBRANT con los clientes y usuarios.<\/li><li>Consentimiento Respecto a los tratamientos de datos personales que no responden a la necesidad de prestar un servicio o cumplir con una obligaci\u00f3n legal, la base legal del tratamiento de los datos personales del interesado ser\u00e1 el consentimiento del mismo, en caso de haberse prestado.<\/li><li>Inter\u00e9s leg\u00edtimoEl inter\u00e9s leg\u00edtimo de FALBRANT abarca aquellos tratamientos de datos que pudieran darse para garantizar la seguridad de la red y de la informaci\u00f3n, as\u00ed como de los servicios proporcionados a trav\u00e9s de esos sistemas o redes de informaci\u00f3n y fines administrativos internos, incluyendo el tratamiento con fines hist\u00f3ricos, cient\u00edficos o estad\u00edsticos y el tratamiento con fines de investigaci\u00f3n (incluida la investigaci\u00f3n de mercado).Los datos personales de los interesados son facilitados a&nbsp;FALBRANT por el propio interesado en cualquier momento, con las finalidades que se describen en el apartado 2. \u201cFinalidad del tratamiento de datos personales\u201d.El interesado ser\u00e1 responsable de la exactitud y veracidad de los datos personales facilitados a FALBRANT, quien se reserva el derecho de rectificar o suprimir los datos falsos o incorrectos sin perjuicio de tomar otras acciones legales oportunas en cada caso. Cuando los datos facilitados correspondan a un tercero, el interesado tendr\u00e1 la obligaci\u00f3n de informar y obtener el consentimiento del tercero sobre los tratamientos descritos en el presente texto.Podr\u00e1n tratarse asimismo datos obtenidos de fuentes p\u00fablicas de Organismos Oficiales o hechos p\u00fablicos por los interesados con la finalidad de complementar la informaci\u00f3n facilitada por el interesado.<\/li><\/ul>\n\n\n\n<h2>5. Destinatarios de los datos personales (cesiones de datos)<\/h2>\n\n\n\n<p>FALBRANT trata los datos personales de los interesados con la debida confidencialidad, no realizando cesiones de datos a terceros salvo las indicadas a continuaci\u00f3n y para las siguientes finalidades:<\/p>\n\n\n\n<ul><li>Cumplir con obligaciones legales con Administraciones, Autoridades y Organismos P\u00fablicos, incluidos Juzgados y Tribunales, cuando as\u00ed lo exija la normativa reguladora del Mercado de Seguros, financiera, fiscal o cualquier otra aplicable a FALBRANT.<\/li><li>Cumplir con el consentimiento prestado espec\u00edficamente por el interesado para facilitar sus datos a otras empresas de nacionalidad espa\u00f1ola del grupo al que pertenece la Compa\u00f1\u00eda.<\/li><li>Tambi\u00e9n podr\u00e1n tener acceso a datos personales los proveedores de servicios con los que FALBRANT mantenga una relaci\u00f3n contractual y tengan la condici\u00f3n de encargados de tratamiento.<\/li><\/ul>\n\n\n\n<h2>6. Derechos del interesado en relaci\u00f3n con el tratamiento de sus datos personales<\/h2>\n\n\n\n<p>El interesado podr\u00e1 ejercer los siguientes derechos de acceso, rectificaci\u00f3n, supresi\u00f3n, limitaci\u00f3n del tratamiento y portabilidad de los datos, en los casos y con el alcance que establezca la normativa aplicable en cada momento.<\/p>\n\n\n\n<ul><li>Derecho de acceso, derecho a obtener confirmaci\u00f3n sobre si en FALBRANT estamos tratando datos personales que le conciernen, o no, as\u00ed como a acceder a dichos datos personales.<\/li><li>Derecho de rectificaci\u00f3n, derecho a solicitar que <\/li><li>FALBRANT rectifique los datos personales cuando sean inexactos o que se completen cuando sean incompletos.<\/li><li>Derecho de supresi\u00f3n, derecho a solicitar que los datos personales sean suprimidos cuando, entre otros motivos, los datos ya no sean necesarios para los fines que fueron recogidos.<\/li><li>Derecho de limitaci\u00f3n, derecho a solicitar la limitaci\u00f3n del tratamiento de los datos.<\/li><li>Derecho de portabilidad, derecho a recibir los datos personales en un formato estructurado, de uso com\u00fan y lectura mec\u00e1nica, y a transmitirlos a otro responsable cuando el tratamiento se base en el consentimiento o en un contrato, y se efect\u00fae por medios automatizados.<\/li><li>Derecho de oposici\u00f3n, derecho a oponerse a que los datos personales sean objeto de un tratamiento basado en el inter\u00e9s p\u00fablico o leg\u00edtimo.<\/li><\/ul>\n\n\n\n<p>Tambi\u00e9n tiene derecho a retirar el consentimiento a los tratamientos voluntarios si lo hubiera prestado y\/u oponerse a recibir comunicaciones comerciales o informativas.<\/p>\n\n\n\n<p>Para ejercer estos derechos podr\u00e1 dirigirse a FALBRANT por alguno de los siguientes canales:<\/p>\n\n\n\n<ul><li>Correo postal, adjuntando fotocopia de su D.N.I. o documento equivalente dirigido a \u201cAtt. LOPD\u201d, a la direcci\u00f3n CTRA. GRAL. LA PERDOMA 69. 38315 LA OROTAVA. TENERIFE<\/li><li>A trav\u00e9s de correo electr\u00f3nico en la direcci\u00f3n francis@falbrant.es, con la referencia \u201cTramitaci\u00f3n Derechos de Privacidad\u201d.<\/li><\/ul>\n\n\n\n<p>Se le informa, asimismo, de su derecho a presentar una reclamaci\u00f3n derivada del tratamiento de sus datos personales ante la Agencia Espa\u00f1ola de Protecci\u00f3n de Datos.<\/p>\n","protected":false},"excerpt":{"rendered":"<p>1. Responsable del tratamiento de datos personales El responsable del tratamiento de sus datos personales es&nbsp;FALBRANT&nbsp; con domicilio en Ctra. Gral . 69-71 La Perdoma. 38315 La Orotava. Tenerife. 2. Finalidad del tratamiento de datos personales FALBRANT, en el ejercicio de su actividad, trata datos personales, de manera automatizada y no automatizada, de sus interesados, [&hellip;]<\/p>\n","protected":false},"author":1,"featured_media":0,"parent":0,"menu_order":0,"comment_status":"closed","ping_status":"open","template":"","meta":{"_et_pb_use_builder":"","_et_pb_old_content":"","_et_gb_content_width":"","_monsterinsights_skip_tracking":false,"_monsterinsights_sitenote_active":false,"_monsterinsights_sitenote_note":"","_monsterinsights_sitenote_category":0},"_links":{"self":[{"href":"http:\/\/falbrant.es\/index.php\/wp-json\/wp\/v2\/pages\/3"}],"collection":[{"href":"http:\/\/falbrant.es\/index.php\/wp-json\/wp\/v2\/pages"}],"about":[{"href":"http:\/\/falbrant.es\/index.php\/wp-json\/wp\/v2\/types\/page"}],"author":[{"embeddable":true,"href":"http:\/\/falbrant.es\/index.php\/wp-json\/wp\/v2\/users\/1"}],"replies":[{"embeddable":true,"href":"http:\/\/falbrant.es\/index.php\/wp-json\/wp\/v2\/comments?post=3"}],"version-history":[{"count":2,"href":"http:\/\/falbrant.es\/index.php\/wp-json\/wp\/v2\/pages\/3\/revisions"}],"predecessor-version":[{"id":1395,"href":"http:\/\/falbrant.es\/index.php\/wp-json\/wp\/v2\/pages\/3\/revisions\/1395"}],"wp:attachment":[{"href":"http:\/\/falbrant.es\/index.php\/wp-json\/wp\/v2\/media?parent=3"}],"curies":[{"name":"wp","href":"https:\/\/api.w.org\/{rel}","templated":true}]}}